{"id":19916,"date":"2015-02-03T14:49:09","date_gmt":"2015-02-03T11:49:09","guid":{"rendered":"https:\/\/www.cevizpres.com\/?page_id=19916"},"modified":"2022-08-13T03:20:37","modified_gmt":"2022-08-13T00:20:37","slug":"contacto","status":"publish","type":"page","link":"https:\/\/www.cevizpres.com\/es\/contacto\/","title":{"rendered":"Contacto"},"content":{"rendered":"<p>[vc_row css=\u00bb.vc_custom_1597046980214{margin-bottom: 50px !important;}\u00bb][vc_column offset=\u00bbvc_col-lg-4 vc_col-md-4&#8243;][vc_custom_heading text=\u00bbInformaci\u00f3n del contacto\u00bb use_theme_fonts=\u00bbyes\u00bb el_class=\u00bbh1-big\u00bb][vc_column_text css=\u00bb.vc_custom_1646190245075{margin-bottom: 25px !important;}\u00bb]Puede llamarnos para sus preguntas y comentarios o puede obtener comentarios sobre nuestro producto que le interesa utilizando el formulario de contacto.[\/vc_column_text][vc_row_inner][vc_column_inner offset=\u00bbvc_hidden-md vc_hidden-sm vc_hidden-xs\u00bb][vc_empty_space height=\u00bb15px\u00bb][\/vc_column_inner][\/vc_row_inner][vc_separator color=\u00bbcustom\u00bb align=\u00bbalign_left\u00bb el_width=\u00bb90&#8243; accent_color=\u00bb#e7eaf1&#8243;][vc_empty_space height=\u00bb15px\u00bb][vc_row_inner el_class=\u00bbmobile-portrait-1-columns\u00bb][vc_column_inner offset=\u00bbvc_col-xs-4&#8243;][vc_column_text css=\u00bb.vc_custom_1646190227271{margin-bottom: 15px !important;}\u00bb]Orta Mh. \u0130brahima\u011fa Cd. Emintas 2 San. Sit. No:20 Bayrampa\u015fa-\u0130stanbul\/T\u00fcrkiye[\/vc_column_text][\/vc_column_inner][\/vc_row_inner][vc_empty_space height=\u00bb15px\u00bb][vc_column_text css=\u00bb.vc_custom_1647256046966{margin-bottom: 0px !important;}\u00bb]<\/p>\n<h4 style=\"margin-bottom: 5px; line-height: 36px;\"><img loading=\"lazy\" class=\"size-full wp-image-17376 alignnone\" src=\"https:\/\/www.cevizpres.com\/wp-content\/uploads\/2020\/10\/phone-icon-2.png\" alt=\"phone-icon\" width=\"20\" height=\"20\" title=\"\">+90 212 578 13 51<\/h4>\n<h4 style=\"margin-bottom: 5px; line-height: 36px;\"><img loading=\"lazy\" class=\"size-full wp-image-17376 alignnone\" src=\"https:\/\/www.cevizpres.com\/wp-content\/uploads\/2020\/10\/phone-icon-2.png\" alt=\"phone-icon\" width=\"20\" height=\"20\" title=\"\">+90 212 417 32 61<\/h4>\n<h4 style=\"margin-bottom: 5px; line-height: 36px;\"><img loading=\"lazy\" class=\"size-full wp-image-17376 alignnone\" src=\"https:\/\/www.cevizpres.com\/wp-content\/uploads\/2020\/10\/phone-icon-2.png\" alt=\"phone-icon\" width=\"20\" height=\"20\" title=\"\">+90 212 417 32 62<\/h4>\n<p style=\"margin-bottom: 18px; padding-left: 40px;\"><small>Lunes \u2013 S\u00e1bado: 09:00-18:00<\/small><br \/>\n<small>Domingo: CERRADO<\/small><\/p>\n<hr style=\"max-width: 86%; height: 1px; border-width: 0; color: #143e96; background-color: #143e96; margin-bottom: 18px;\" \/>\n<p><span style=\"color: #000000;\"><a style=\"color: #000000;\" href=\"mailto:cevizpres@cevizpres.com\"><strong style=\"font-weight: 600;\"><img loading=\"lazy\" class=\"size-full wp-image-17405 alignnone\" style=\"margin-top: 4px;\" src=\"https:\/\/www.cevizpres.com\/wp-content\/uploads\/2020\/12\/mail-light-2.png\" alt=\"\" width=\"16\" height=\"17\" title=\"\">export@cevizpres.com<\/strong><\/a><\/span>[\/vc_column_text][vc_row_inner][vc_column_inner offset=\u00bbvc_hidden-md vc_hidden-sm vc_hidden-xs\u00bb][\/vc_column_inner][\/vc_row_inner][vc_separator color=\u00bbcustom\u00bb align=\u00bbalign_left\u00bb el_width=\u00bb90&#8243; accent_color=\u00bb#e7eaf1&#8243;][vc_row_inner][vc_column_inner offset=\u00bbvc_hidden-md vc_hidden-sm vc_hidden-xs\u00bb][vc_empty_space height=\u00bb15px\u00bb][\/vc_column_inner][\/vc_row_inner][vc_empty_space height=\u00bb25px\u00bb]<section class=\"widget-container  ts-social-icons\"><h3 class=\"widget-title heading-title hidden\">Social Icons<\/h3>\t\t\t\n\t\t\t<div class=\"social-icons show-tooltip columns-5\">\n\t\t\t\t<ul class=\"list-icons\">\n\t\t\t\t\t\t\t\t\t\t\t<li class=\"facebook\"><a href=\"#\" target=\"_blank\" title=\"\" ><i class=\"fab fa-facebook-f\"><\/i><span class=\"ts-tooltip social-tooltip\">Facebook<\/span><\/a><\/li>\t\t\t\t\n\t\t\t\t\t\t\t\t\t\t\t\t\t\t\t\t<li class=\"instagram\"><a href=\"#\" target=\"_blank\" title=\"\" ><i class=\"fab fa-instagram\"><\/i><span class=\"ts-tooltip social-tooltip\">Instagram<\/span><\/a><\/li>\n\t\t\t\t\t\t\t\t\t\t\t\t\t\t\t\t<li class=\"youtube\"><a href=\"#\" target=\"_blank\" title=\"\" ><i class=\"fab fa-youtube\"><\/i><span class=\"ts-tooltip social-tooltip\">Youtube<\/span><\/a><\/li>\n\t\t\t\t\t\t\t\t\t\t\t\t\t\t\t\t<li class=\"pinterest\"><a href=\"#\" target=\"_blank\" title=\"\" ><i class=\"fab fa-pinterest-p\"><\/i><span class=\"ts-tooltip social-tooltip\">Pinterest<\/span><\/a><\/li>\n\t\t\t\t\t\t\t\t\t\t\t\t\t\t\t\t<li class=\"linkedin\"><a href=\"#\" target=\"_blank\" title=\"\" ><i class=\"fab fa-linkedin-in\"><\/i><span class=\"ts-tooltip social-tooltip\">LinkedIn<\/span><\/a><\/li>\n\t\t\t\t\t\t\t\t\t\t\t\t\t\t\t\t\t\t\t\t\t\t\t\t\t\n\t\t\t\t\t\t\t\t\t\t\t\t\t\t\t\t\t\t\t<\/ul>\n\t\t\t<\/div>\n\n\t\t\t<\/section>[\/vc_column][vc_column offset=\u00bbvc_col-lg-8 vc_col-md-8&#8243;][vc_column_text]<iframe loading=\"lazy\" style=\"border: 0;\" src=\"https:\/\/www.google.com\/maps\/embed?pb=!1m14!1m8!1m3!1d12039.338843292422!2d28.918982!3d41.028872!3m2!1i1024!2i768!4f13.1!3m3!1m2!1s0x0%3A0xce051eeed4c42f4d!2zQ2V2aXogUHJlcyBEw7Zrw7xtIEEuxZ4!5e0!3m2!1str!2str!4v1660349908962!5m2!1str!2str\" width=\"816\" height=\"604\" allowfullscreen=\"allowfullscreen\"><\/iframe>[\/vc_column_text][\/vc_column][\/vc_row][vc_row][vc_column offset=\u00bbvc_hidden-md vc_hidden-sm vc_hidden-xs\u00bb][vc_empty_space height=\u00bb30px\u00bb][\/vc_column][\/vc_row][vc_row css=\u00bb.vc_custom_1597047084558{margin-bottom: 50px !important;}\u00bb][vc_column][vc_custom_heading text=\u00bbComplete el formulario de contacto por completo para que podamos brindarle una respuesta m\u00e1s precisa.\u00bb font_container=\u00bbtag:h2|text_align:center\u00bb use_theme_fonts=\u00bbyes\u00bb css=\u00bb.vc_custom_1646190283888{margin-bottom: 30px !important;}\u00bb]<div role=\"form\" class=\"wpcf7\" id=\"wpcf7-f17-o1\" lang=\"en-US\" dir=\"ltr\">\n<div class=\"screen-reader-response\"><p role=\"status\" aria-live=\"polite\" aria-atomic=\"true\"><\/p> <ul><\/ul><\/div>\n<form action=\"\/es\/wp-json\/wp\/v2\/pages\/19916#wpcf7-f17-o1\" method=\"post\" class=\"wpcf7-form init\" novalidate=\"novalidate\" data-status=\"init\">\n<div style=\"display: none;\">\n<input type=\"hidden\" name=\"_wpcf7\" value=\"17\" \/>\n<input type=\"hidden\" name=\"_wpcf7_version\" value=\"5.5.6\" \/>\n<input type=\"hidden\" name=\"_wpcf7_locale\" value=\"en_US\" \/>\n<input type=\"hidden\" name=\"_wpcf7_unit_tag\" value=\"wpcf7-f17-o1\" \/>\n<input type=\"hidden\" name=\"_wpcf7_container_post\" value=\"0\" \/>\n<input type=\"hidden\" name=\"_wpcf7_posted_data_hash\" value=\"\" \/>\n<input type=\"hidden\" name=\"_wpcf7_recaptcha_response\" value=\"\" \/>\n<\/div>\n<div class=\"contact-form\">\n<div class=\"info-wrapper\">\n<p><span class=\"wpcf7-form-control-wrap text-8\"><input type=\"text\" name=\"text-8\" value=\"\" size=\"40\" class=\"wpcf7-form-control wpcf7-text wpcf7-validates-as-required\" aria-required=\"true\" aria-invalid=\"false\" placeholder=\"\u0130sim\" \/><\/span><\/p>\n<p><span class=\"wpcf7-form-control-wrap email-294\"><input type=\"email\" name=\"email-294\" value=\"\" size=\"40\" class=\"wpcf7-form-control wpcf7-text wpcf7-email wpcf7-validates-as-required wpcf7-validates-as-email\" aria-required=\"true\" aria-invalid=\"false\" placeholder=\"E-mail\" \/><\/span><\/p>\n<p><span class=\"wpcf7-form-control-wrap tel\"><input type=\"text\" name=\"tel\" value=\"\" size=\"40\" class=\"wpcf7-form-control wpcf7-text wpcf7-validates-as-required\" aria-required=\"true\" aria-invalid=\"false\" placeholder=\"Telefon\" \/><\/span><\/p>\n<\/div>\n<p><span class=\"wpcf7-form-control-wrap textarea-929\"><textarea name=\"textarea-929\" cols=\"40\" rows=\"10\" class=\"wpcf7-form-control wpcf7-textarea wpcf7-validates-as-required\" aria-required=\"true\" aria-invalid=\"false\" placeholder=\"Mesaj\"><\/textarea><\/span><\/p>\n<p class=\"clearfix\"><input type=\"submit\" value=\"G\u00f6nder\" class=\"wpcf7-form-control has-spinner wpcf7-submit button-primary\" \/>\n<\/div>\n<div class=\"wpcf7-response-output\" aria-hidden=\"true\"><\/div><\/form><\/div>[\/vc_column][\/vc_row][vc_row][vc_column offset=\u00bbvc_hidden-md vc_hidden-sm vc_hidden-xs\u00bb][vc_empty_space height=\u00bb30px\u00bb][\/vc_column][\/vc_row]<\/p>\n","protected":false},"excerpt":{"rendered":"<p>[vc_row css=\u00bb.vc_custom_1597046980214{margin-bottom: 50px !important;}\u00bb][vc_column offset=\u00bbvc_col-lg-4 vc_col-md-4&#8243;][vc_custom_heading text=\u00bbInformaci\u00f3n del contacto\u00bb use_theme_fonts=\u00bbyes\u00bb el_class=\u00bbh1-big\u00bb][vc_column_text css=\u00bb.vc_custom_1646190245075{margin-bottom: 25px !important;}\u00bb]Puede llamarnos para sus preguntas y comentarios o puede obtener comentarios sobre nuestro producto que le interesa utilizando el formulario de contacto.[\/vc_column_text][vc_row_inner][vc_column_inner offset=\u00bbvc_hidden-md vc_hidden-sm vc_hidden-xs\u00bb][vc_empty_space height=\u00bb15px\u00bb][\/vc_column_inner][\/vc_row_inner][vc_separator color=\u00bbcustom\u00bb align=\u00bbalign_left\u00bb el_width=\u00bb90&#8243; accent_color=\u00bb#e7eaf1&#8243;][vc_empty_space height=\u00bb15px\u00bb][vc_row_inner el_class=\u00bbmobile-portrait-1-columns\u00bb][vc_column_inner offset=\u00bbvc_col-xs-4&#8243;][vc_column_text css=\u00bb.vc_custom_1646190227271{margin-bottom: 15px !important;}\u00bb]Orta Mh. \u0130brahima\u011fa Cd. Emintas 2 San. [&hellip;]<\/p>\n","protected":false},"author":1,"featured_media":0,"parent":0,"menu_order":0,"comment_status":"closed","ping_status":"closed","template":"","meta":[],"_links":{"self":[{"href":"https:\/\/www.cevizpres.com\/es\/wp-json\/wp\/v2\/pages\/19916"}],"collection":[{"href":"https:\/\/www.cevizpres.com\/es\/wp-json\/wp\/v2\/pages"}],"about":[{"href":"https:\/\/www.cevizpres.com\/es\/wp-json\/wp\/v2\/types\/page"}],"author":[{"embeddable":true,"href":"https:\/\/www.cevizpres.com\/es\/wp-json\/wp\/v2\/users\/1"}],"replies":[{"embeddable":true,"href":"https:\/\/www.cevizpres.com\/es\/wp-json\/wp\/v2\/comments?post=19916"}],"version-history":[{"count":11,"href":"https:\/\/www.cevizpres.com\/es\/wp-json\/wp\/v2\/pages\/19916\/revisions"}],"predecessor-version":[{"id":20170,"href":"https:\/\/www.cevizpres.com\/es\/wp-json\/wp\/v2\/pages\/19916\/revisions\/20170"}],"wp:attachment":[{"href":"https:\/\/www.cevizpres.com\/es\/wp-json\/wp\/v2\/media?parent=19916"}],"curies":[{"name":"wp","href":"https:\/\/api.w.org\/{rel}","templated":true}]}}