{"id":19912,"date":"2015-06-20T16:11:19","date_gmt":"2015-06-20T13:11:19","guid":{"rendered":"https:\/\/www.cevizpres.com\/?page_id=19912"},"modified":"2022-03-02T05:54:02","modified_gmt":"2022-03-02T02:54:02","slug":"nuestra-politica-de-calidad","status":"publish","type":"page","link":"https:\/\/www.cevizpres.com\/es\/nuestra-politica-de-calidad\/","title":{"rendered":"Nuestra Pol\u00edt\u0131ca De Cal\u0131dad"},"content":{"rendered":"<p>[vc_row css=\u00bb.vc_custom_1604285148356{border-bottom-width: 1px !important;border-bottom-color: #f0f2f5 !important;}\u00bb][vc_column][vc_custom_heading text=\u00bbCeviz Pres S.A. adopta la pol\u00edtica de calidad como pol\u00edtica de empresa&#8230;\u00bb font_container=\u00bbtag:h2|text_align:center\u00bb use_theme_fonts=\u00bbyes\u00bb el_class=\u00bbh1-big\u00bb css=\u00bb.vc_custom_1646189482611{margin-bottom: 30px !important;}\u00bb][vc_row_inner][vc_column_inner offset=\u00bbvc_hidden-md vc_hidden-sm vc_hidden-xs\u00bb][vc_empty_space height=\u00bb30px\u00bb][\/vc_column_inner][\/vc_row_inner][vc_row_inner equal_height=\u00bbyes\u00bb content_placement=\u00bbmiddle\u00bb css=\u00bb.vc_custom_1604287526037{margin-bottom: 20px !important;}\u00bb el_class=\u00bbmobile-reverse-columns\u00bb][vc_column_inner width=\u00bb1\/2&#8243;][vc_column_text css=\u00bb.vc_custom_1646189549842{margin-bottom: 30px !important;}\u00bb]<\/p>\n<ul class=\"ul-style check primary-color\" style=\"font-size: 14px; margin-bottom: 20px;\">\n<li>Aspirar a una mejora continua con los proveedores y trabajar con ellos con esta visi\u00f3n para proporcionar un servicio completo y preciso a nuestros clientes,<\/li>\n<li>En el marco de las peticiones especiales de los clientes; Proporcionar un servicio completo y preciso cumpliendo todas las condiciones aplicables,<\/li>\n<li>Proporcionar el producto de acuerdo con las expectativas del cliente a bajo coste y a tiempo,<\/li>\n<li>Seguir el objetivo de cero defectos en todos los productos, procesos y servicios,<\/li>\n<\/ul>\n<p>[\/vc_column_text][\/vc_column_inner][vc_column_inner width=\u00bb1\/2&#8243;]\t\t<div class=\"ts-single-image ts-effect-image ts-aligncenter eff-image-scale ts-single-image-1 banner-radius\">\n\t\t\t<div class=\"ts-shortcode-custom-style hidden\">.ts-single-image-1:hover .overlay{background-color:#ffffff}<\/div>\t\t\t<a title=\"MyMedi\" target=\"_blank\" class=\"image-link\" href=\"\" >\n\t\t\t\t<img width=\"1280\" height=\"853\" src=\"https:\/\/www.cevizpres.com\/wp-content\/uploads\/2022\/01\/2-5_1280x853.jpg\" class=\"img\" alt=\"\" loading=\"lazy\" srcset=\"https:\/\/www.cevizpres.com\/wp-content\/uploads\/2022\/01\/2-5_1280x853.jpg 1280w, https:\/\/www.cevizpres.com\/wp-content\/uploads\/2022\/01\/2-5_1280x853-800x533.jpg 800w, https:\/\/www.cevizpres.com\/wp-content\/uploads\/2022\/01\/2-5_1280x853-300x200.jpg 300w, https:\/\/www.cevizpres.com\/wp-content\/uploads\/2022\/01\/2-5_1280x853-1024x682.jpg 1024w, https:\/\/www.cevizpres.com\/wp-content\/uploads\/2022\/01\/2-5_1280x853-768x512.jpg 768w, https:\/\/www.cevizpres.com\/wp-content\/uploads\/2022\/01\/2-5_1280x853-310x207.jpg 310w\" sizes=\"(max-width: 1280px) 100vw, 1280px\" title=\"\">\t\t\t\t<span class=\"overlay\"><\/span>\n\t\t\t<\/a>\n\t\t<\/div>\n\t\t[vc_empty_space height=\u00bb30px\u00bb][\/vc_column_inner][\/vc_row_inner][vc_row_inner equal_height=\u00bbyes\u00bb content_placement=\u00bbmiddle\u00bb css=\u00bb.vc_custom_1604287526037{margin-bottom: 20px !important;}\u00bb el_class=\u00bbmobile-reverse-columns\u00bb][vc_column_inner width=\u00bb1\/2&#8243;]\t\t<div class=\"ts-single-image ts-effect-image ts-aligncenter eff-image-scale ts-single-image-2 banner-radius\">\n\t\t\t<div class=\"ts-shortcode-custom-style hidden\">.ts-single-image-2:hover .overlay{background-color:#ffffff}<\/div>\t\t\t<a title=\"MyMedi\" target=\"_blank\" class=\"image-link\" href=\"\" >\n\t\t\t\t<img width=\"1000\" height=\"751\" src=\"https:\/\/www.cevizpres.com\/wp-content\/uploads\/2022\/02\/DSC_7089-1.jpg\" class=\"img\" alt=\"\" loading=\"lazy\" srcset=\"https:\/\/www.cevizpres.com\/wp-content\/uploads\/2022\/02\/DSC_7089-1.jpg 1000w, https:\/\/www.cevizpres.com\/wp-content\/uploads\/2022\/02\/DSC_7089-1-300x225.jpg 300w, https:\/\/www.cevizpres.com\/wp-content\/uploads\/2022\/02\/DSC_7089-1-768x577.jpg 768w, https:\/\/www.cevizpres.com\/wp-content\/uploads\/2022\/02\/DSC_7089-1-800x601.jpg 800w, https:\/\/www.cevizpres.com\/wp-content\/uploads\/2022\/02\/DSC_7089-1-310x233.jpg 310w\" sizes=\"(max-width: 1000px) 100vw, 1000px\" title=\"\">\t\t\t\t<span class=\"overlay\"><\/span>\n\t\t\t<\/a>\n\t\t<\/div>\n\t\t[vc_empty_space height=\u00bb30px\u00bb][\/vc_column_inner][vc_column_inner width=\u00bb1\/2&#8243;][vc_column_text css=\u00bb.vc_custom_1646189634746{margin-bottom: 30px !important;}\u00bb]<\/p>\n<ul class=\"ul-style check primary-color\" style=\"font-size: 14px; margin-bottom: 20px;\">\n<li>Adoptar el trabajo sistem\u00e1tico, planificado y eficiente como principio,<\/li>\n<li>Adoptar el trabajo en equipo y el esp\u00edritu de equipo mientras se trabaja en equipo,<\/li>\n<li>Garantizar la satisfacci\u00f3n de los empleados de la empresa proporcionando un entorno de trabajo c\u00f3modo y tranquilo,<\/li>\n<li>Realizar estudios de formaci\u00f3n continua para ponerse al d\u00eda con los avances tecnol\u00f3gicos. &#8211; Ha determinado y adoptado el cumplimiento de todas las condiciones legales y jur\u00eddicas como pol\u00edtica de calidad.<\/li>\n<\/ul>\n<p>[\/vc_column_text][\/vc_column_inner][\/vc_row_inner][vc_row_inner][vc_column_inner offset=\u00bbvc_hidden-md vc_hidden-sm vc_hidden-xs\u00bb][vc_empty_space height=\u00bb30px\u00bb][\/vc_column_inner][\/vc_row_inner][\/vc_column][\/vc_row][vc_row full_width=\u00bbstretch_row\u00bb css=\u00bb.vc_custom_1642013553760{padding-top: 60px !important;padding-bottom: 60px !important;background: #fdf6ed url(https:\/\/www.cevizpres.com\/wp-content\/uploads\/2020\/08\/rounds-2.png?id=16757) !important;background-position: 0 0 !important;background-repeat: no-repeat !important;}\u00bb el_class=\u00bbbg-center\u00bb][vc_column width=\u00bb1\/3&#8243;][\/vc_column][vc_column width=\u00bb1\/3&#8243;][vc_single_image image=\u00bb18854&#8243; img_size=\u00bblarge\u00bb alignment=\u00bbcenter\u00bb onclick=\u00bblink_image\u00bb][\/vc_column][vc_column width=\u00bb1\/3&#8243;][\/vc_column][\/vc_row]<\/p>\n","protected":false},"excerpt":{"rendered":"<p>[vc_row css=\u00bb.vc_custom_1604285148356{border-bottom-width: 1px !important;border-bottom-color: #f0f2f5 !important;}\u00bb][vc_column][vc_custom_heading text=\u00bbCeviz Pres S.A. adopta la pol\u00edtica de calidad como pol\u00edtica de empresa&#8230;\u00bb font_container=\u00bbtag:h2|text_align:center\u00bb use_theme_fonts=\u00bbyes\u00bb el_class=\u00bbh1-big\u00bb css=\u00bb.vc_custom_1646189482611{margin-bottom: 30px !important;}\u00bb][vc_row_inner][vc_column_inner offset=\u00bbvc_hidden-md vc_hidden-sm vc_hidden-xs\u00bb][vc_empty_space height=\u00bb30px\u00bb][\/vc_column_inner][\/vc_row_inner][vc_row_inner equal_height=\u00bbyes\u00bb content_placement=\u00bbmiddle\u00bb css=\u00bb.vc_custom_1604287526037{margin-bottom: 20px !important;}\u00bb el_class=\u00bbmobile-reverse-columns\u00bb][vc_column_inner width=\u00bb1\/2&#8243;][vc_column_text css=\u00bb.vc_custom_1646189549842{margin-bottom: 30px !important;}\u00bb] Aspirar a una mejora continua con los proveedores y trabajar con ellos con esta visi\u00f3n para proporcionar [&hellip;]<\/p>\n","protected":false},"author":1,"featured_media":0,"parent":0,"menu_order":0,"comment_status":"closed","ping_status":"closed","template":"","meta":[],"_links":{"self":[{"href":"https:\/\/www.cevizpres.com\/es\/wp-json\/wp\/v2\/pages\/19912"}],"collection":[{"href":"https:\/\/www.cevizpres.com\/es\/wp-json\/wp\/v2\/pages"}],"about":[{"href":"https:\/\/www.cevizpres.com\/es\/wp-json\/wp\/v2\/types\/page"}],"author":[{"embeddable":true,"href":"https:\/\/www.cevizpres.com\/es\/wp-json\/wp\/v2\/users\/1"}],"replies":[{"embeddable":true,"href":"https:\/\/www.cevizpres.com\/es\/wp-json\/wp\/v2\/comments?post=19912"}],"version-history":[{"count":3,"href":"https:\/\/www.cevizpres.com\/es\/wp-json\/wp\/v2\/pages\/19912\/revisions"}],"predecessor-version":[{"id":19915,"href":"https:\/\/www.cevizpres.com\/es\/wp-json\/wp\/v2\/pages\/19912\/revisions\/19915"}],"wp:attachment":[{"href":"https:\/\/www.cevizpres.com\/es\/wp-json\/wp\/v2\/media?parent=19912"}],"curies":[{"name":"wp","href":"https:\/\/api.w.org\/{rel}","templated":true}]}}