{"id":19908,"date":"2022-01-12T20:34:52","date_gmt":"2022-01-12T17:34:52","guid":{"rendered":"https:\/\/www.cevizpres.com\/?page_id=19908"},"modified":"2026-02-24T09:42:58","modified_gmt":"2026-02-24T06:42:58","slug":"nuestros-servicios","status":"publish","type":"page","link":"https:\/\/www.cevizpres.com\/es\/nuestros-servicios\/","title":{"rendered":"Nuestros servicios"},"content":{"rendered":"<p>[vc_row css=\u00bb.vc_custom_1599461007416{margin-bottom: 20px !important;}\u00bb el_class=\u00bbmobile-border-0&#8243;][vc_column][vc_custom_heading text=\u00bbComprender las expectativas de nuestros clientes, para alcanzar la perfecci\u00f3n trabajando de acuerdo con las especificaciones y las normas.\u00bb font_container=\u00bbtag:h2|text_align:center\u00bb use_theme_fonts=\u00bbyes\u00bb el_class=\u00bbh1-big\u00bb][vc_column_text css=\u00bb.vc_custom_1646189192334{margin-bottom: 50px !important;}\u00bb]<\/p>\n<p style=\"text-align: center;\">Aspirar a la excelencia, trabajar eficazmente para a\u00f1adir valor, actuar seg\u00fan el principio de la mejora continua, ser responsables de la calidad con todos nuestros directivos y empleados, aumentar nuestras competencias y la comprensi\u00f3n de la calidad mediante la formaci\u00f3n, fomentar la armon\u00eda, la eficacia y la creatividad con el equipo y su trabajo.<\/p>\n<p>[\/vc_column_text][vc_row_inner][vc_column_inner offset=\u00bbvc_hidden-md vc_hidden-sm vc_hidden-xs\u00bb][vc_empty_space height=\u00bb30px\u00bb][\/vc_column_inner][\/vc_row_inner][vc_row_inner el_class=\u00bbgroup-features\u00bb][vc_column_inner width=\u00bb1\/3&#8243; css=\u00bb.vc_custom_1599460449815{border-right-width: 1px !important;border-right-color: #f0f2f5 !important;border-right-style: solid !important;}\u00bb]\t<div class=\"ts-feature-wrapper  vertical-image text-default\">\n\t\t\n\t\t<div class=\"feature-content\">\n\t\t\t\n\t\t\t\t\t\t<a target=\"_blank\" class=\"feature-icon\" href=\"javascript: void(0)\">\n\t\t\t\t\t\t\t<\/a>\n\t\t\t\t\t\t\n\t\t\t<div class=\"feature-header\">\n\t\t\t\t\n\t\t\t\t\t\t\t\t<h4 class=\"feature-title heading-title entry-title\">\n\t\t\t\t\t<a target=\"_blank\" href=\"javascript: void(0)\">Ingenier\u00eda<\/a>\n\t\t\t\t<\/h4>\n\t\t\t\t\t\t\t\t\n\t\t\t\t\t\t\t\n\t\t\t\t\t\t\t\t<div class=\"feature-excerpt\">\n\t\t\t\t\tNuestra empresa, que cuenta con una plantilla de ingenieros en el equipo de producci\u00f3n y ventas, presta servicios a sus clientes realizando todos los c\u00e1lculos de dise\u00f1o y simulaci\u00f3n con el fin de fabricar las piezas producidas por mecanizado con rozamiento de acuerdo con las exigencias y necesidades de nuestros clientes.\t\t\t\t<\/div>\n\t\t\t\t\t\t\t\t\t\n\t\t\t<\/div>\n\t\t<\/div>\n\t<\/div>\n\t[vc_empty_space height=\u00bb30px\u00bb][\/vc_column_inner][vc_column_inner width=\u00bb1\/3&#8243; css=\u00bb.vc_custom_1599460464182{border-right-width: 1px !important;border-right-color: #f0f2f5 !important;border-right-style: solid !important;}\u00bb]\t<div class=\"ts-feature-wrapper  vertical-image text-default\">\n\t\t\n\t\t<div class=\"feature-content\">\n\t\t\t\n\t\t\t\t\t\t<a target=\"_blank\" class=\"feature-icon\" href=\"javascript: void(0)\">\n\t\t\t\t\t\t\t<\/a>\n\t\t\t\t\t\t\n\t\t\t<div class=\"feature-header\">\n\t\t\t\t\n\t\t\t\t\t\t\t\t<h4 class=\"feature-title heading-title entry-title\">\n\t\t\t\t\t<a target=\"_blank\" href=\"javascript: void(0)\">Revisi\u00f3n<\/a>\n\t\t\t\t<\/h4>\n\t\t\t\t\t\t\t\t\n\t\t\t\t\t\t\t\n\t\t\t\t\t\t\t\t<div class=\"feature-excerpt\">\n\t\t\t\t\tUna vez finalizada la vida \u00fatil de los moldes de roscado de tornillos, pernos y clavos que hemos producido, los perfiles se vuelven a esmerilar con tecnolog\u00eda de rectificado y se ofrecen a nuestros clientes con recubrimiento NX a un coste mucho m\u00e1s asequible.\t\t\t\t<\/div>\n\t\t\t\t\t\t\t\t\t\n\t\t\t<\/div>\n\t\t<\/div>\n\t<\/div>\n\t[vc_empty_space height=\u00bb30px\u00bb][\/vc_column_inner][vc_column_inner width=\u00bb1\/3&#8243;]\t<div class=\"ts-feature-wrapper  vertical-image text-default\">\n\t\t\n\t\t<div class=\"feature-content\">\n\t\t\t\n\t\t\t\t\t\t<a target=\"_blank\" class=\"feature-icon\" href=\"javascript: void(0)\">\n\t\t\t\t\t\t\t<\/a>\n\t\t\t\t\t\t\n\t\t\t<div class=\"feature-header\">\n\t\t\t\t\n\t\t\t\t\t\t\t\t<h4 class=\"feature-title heading-title entry-title\">\n\t\t\t\t\t<a target=\"_blank\" href=\"javascript: void(0)\">Producci\u00f3n especial<\/a>\n\t\t\t\t<\/h4>\n\t\t\t\t\t\t\t\t\n\t\t\t\t\t\t\t\n\t\t\t\t\t\t\t\t<div class=\"feature-excerpt\">\n\t\t\t\t\tProducimos piezas de m\u00e1quinas, piezas m\u00e9dicas, de uso especial que requieren alta precisi\u00f3n y repetibilidad con nuestras m\u00e1quinas de alta tecnolog\u00eda y dispositivos de control de calidad.\t\t\t\t<\/div>\n\t\t\t\t\t\t\t\t\t\n\t\t\t<\/div>\n\t\t<\/div>\n\t<\/div>\n\t[vc_empty_space height=\u00bb30px\u00bb][\/vc_column_inner][\/vc_row_inner][\/vc_column][\/vc_row][vc_row][vc_column offset=\u00bbvc_hidden-md vc_hidden-sm vc_hidden-xs\u00bb][vc_empty_space height=\u00bb30px\u00bb][\/vc_column][\/vc_row][vc_row full_width=\u00bbstretch_row\u00bb css=\u00bb.vc_custom_1642012470393{padding-top: 50px !important;padding-bottom: 50px !important;background: #fdf6ed url(https:\/\/www.cevizpres.com\/wp-content\/uploads\/2020\/08\/rounds-2.png?id=16757) !important;background-position: 0 0 !important;background-repeat: no-repeat !important;}\u00bb el_class=\u00bbbg-center\u00bb][vc_column][vc_empty_space height=\u00bb40px\u00bb][vc_column_text css=\u00bb.vc_custom_1646189313701{margin-bottom: 0px !important;}\u00bb el_class=\u00bbtext-light\u00bb]<\/p>\n<h2 class=\"h1-big\" style=\"margin-bottom: 25px; text-align: center;\"><span style=\"color: #000080;\">Nuestro principio b\u00e1sico de producci\u00f3n<\/span><\/h2>\n<p class=\"h4 font-normal\" style=\"margin-bottom: 35px; line-height: 32px; text-align: center;\"><span style=\"color: #000080;\">Ceviz Pres S.A. adopta la pol\u00edtica de calidad como pol\u00edtica de empresa&#8230;<\/span><\/p>\n<p>[\/vc_column_text][vc_empty_space height=\u00bb40px\u00bb][\/vc_column][\/vc_row]<\/p>\n","protected":false},"excerpt":{"rendered":"<p>[vc_row css=\u00bb.vc_custom_1599461007416{margin-bottom: 20px !important;}\u00bb el_class=\u00bbmobile-border-0&#8243;][vc_column][vc_custom_heading text=\u00bbComprender las expectativas de nuestros clientes, para alcanzar la perfecci\u00f3n trabajando de acuerdo con las especificaciones y las normas.\u00bb font_container=\u00bbtag:h2|text_align:center\u00bb use_theme_fonts=\u00bbyes\u00bb el_class=\u00bbh1-big\u00bb][vc_column_text css=\u00bb.vc_custom_1646189192334{margin-bottom: 50px !important;}\u00bb] Aspirar a la excelencia, trabajar eficazmente para a\u00f1adir valor, actuar seg\u00fan el principio de la mejora continua, ser responsables de la calidad con todos nuestros [&hellip;]<\/p>\n","protected":false},"author":1,"featured_media":0,"parent":0,"menu_order":0,"comment_status":"closed","ping_status":"closed","template":"","meta":[],"_links":{"self":[{"href":"https:\/\/www.cevizpres.com\/es\/wp-json\/wp\/v2\/pages\/19908"}],"collection":[{"href":"https:\/\/www.cevizpres.com\/es\/wp-json\/wp\/v2\/pages"}],"about":[{"href":"https:\/\/www.cevizpres.com\/es\/wp-json\/wp\/v2\/types\/page"}],"author":[{"embeddable":true,"href":"https:\/\/www.cevizpres.com\/es\/wp-json\/wp\/v2\/users\/1"}],"replies":[{"embeddable":true,"href":"https:\/\/www.cevizpres.com\/es\/wp-json\/wp\/v2\/comments?post=19908"}],"version-history":[{"count":4,"href":"https:\/\/www.cevizpres.com\/es\/wp-json\/wp\/v2\/pages\/19908\/revisions"}],"predecessor-version":[{"id":20219,"href":"https:\/\/www.cevizpres.com\/es\/wp-json\/wp\/v2\/pages\/19908\/revisions\/20219"}],"wp:attachment":[{"href":"https:\/\/www.cevizpres.com\/es\/wp-json\/wp\/v2\/media?parent=19908"}],"curies":[{"name":"wp","href":"https:\/\/api.w.org\/{rel}","templated":true}]}}