{"id":19904,"date":"2022-01-11T17:31:46","date_gmt":"2022-01-11T14:31:46","guid":{"rendered":"https:\/\/www.cevizpres.com\/?page_id=19904"},"modified":"2026-02-10T19:48:17","modified_gmt":"2026-02-10T16:48:17","slug":"sobre-nosotros","status":"publish","type":"page","link":"https:\/\/www.cevizpres.com\/es\/sobre-nosotros\/","title":{"rendered":"Sobre Nosotros"},"content":{"rendered":"<p>[vc_row css=\u00bb.vc_custom_1604285148356{border-bottom-width: 1px !important;border-bottom-color: #f0f2f5 !important;}\u00bb][vc_column][vc_custom_heading text=\u00bbCEVI\u0307Z PRESS INC.<br \/>\nFundada en 1982&#8243; font_container=\u00bbtag:h2|text_align:center\u00bb use_theme_fonts=\u00bbyes\u00bb el_class=\u00bbh1-big\u00bb css=\u00bb.vc_custom_1646188663815{margin-bottom: 30px !important;}\u00bb][vc_row_inner][vc_column_inner offset=\u00bbvc_hidden-md vc_hidden-sm vc_hidden-xs\u00bb][vc_empty_space height=\u00bb20px\u00bb][\/vc_column_inner][\/vc_row_inner][vc_row_inner equal_height=\u00bbyes\u00bb content_placement=\u00bbmiddle\u00bb css=\u00bb.vc_custom_1604287313828{margin-bottom: 20px !important;}\u00bb][vc_column_inner width=\u00bb1\/2&#8243;]\t\t<div class=\"ts-single-image ts-effect-image ts-aligncenter eff-image-scale ts-single-image-1 banner-radius\">\n\t\t\t<div class=\"ts-shortcode-custom-style hidden\">.ts-single-image-1:hover .overlay{background-color:#ffffff}<\/div>\t\t\t<a title=\"MyMedi\" target=\"_blank\" class=\"image-link\" href=\"\" >\n\t\t\t\t<img width=\"604\" height=\"344\" src=\"https:\/\/www.cevizpres.com\/wp-content\/uploads\/2022\/01\/hakkimizda-2.jpg\" class=\"img\" alt=\"\" loading=\"lazy\" srcset=\"https:\/\/www.cevizpres.com\/wp-content\/uploads\/2022\/01\/hakkimizda-2.jpg 604w, https:\/\/www.cevizpres.com\/wp-content\/uploads\/2022\/01\/hakkimizda-2-300x171.jpg 300w, https:\/\/www.cevizpres.com\/wp-content\/uploads\/2022\/01\/hakkimizda-2-310x177.jpg 310w\" sizes=\"(max-width: 604px) 100vw, 604px\" title=\"\">\t\t\t\t<span class=\"overlay\"><\/span>\n\t\t\t<\/a>\n\t\t<\/div>\n\t\t[vc_empty_space height=\u00bb30px\u00bb][\/vc_column_inner][vc_column_inner width=\u00bb1\/2&#8243;][vc_column_text css=\u00bb.vc_custom_1646188760788{margin-bottom: 30px !important;}\u00bb]<\/p>\n<h2>Al servicio de la industria de la fijaci\u00f3n desde hace m\u00e1s de 39 a\u00f1os.<\/h2>\n<h3 class=\"font-normal\">S\u00f3lida infraestructura t\u00e9cnica<\/h3>\n<p>Nuestra empresa, que siempre ha invertido en mano de obra cualificada y ha seguido las nuevas tecnolog\u00edas de producci\u00f3n y ha realizado sus inversiones a favor de las tecnolog\u00edas de producci\u00f3n de nueva generaci\u00f3n, se complace en servirles a ustedes, nuestros valiosos clientes, desde el d\u00eda de su fundaci\u00f3n.<\/p>\n<ul class=\"ul-style check primary-color\" style=\"font-size: 14px; margin-bottom: 20px;\">\n<li>L\u00edder del sector<\/li>\n<li>Altas inversiones tecnol\u00f3gicas<\/li>\n<li>Personal experto<\/li>\n<\/ul>\n<p>[\/vc_column_text][\/vc_column_inner][\/vc_row_inner][vc_row_inner][vc_column_inner offset=\u00bbvc_hidden-md vc_hidden-sm vc_hidden-xs\u00bb][vc_empty_space height=\u00bb30px\u00bb][\/vc_column_inner][\/vc_row_inner][vc_row_inner equal_height=\u00bbyes\u00bb content_placement=\u00bbmiddle\u00bb css=\u00bb.vc_custom_1604287526037{margin-bottom: 20px !important;}\u00bb el_class=\u00bbmobile-reverse-columns\u00bb][vc_column_inner width=\u00bb1\/2&#8243;][vc_column_text css=\u00bb.vc_custom_1646188849660{margin-bottom: 30px !important;}\u00bb]<\/p>\n<h2>Inversi\u00f3n sostenible y renovaci\u00f3n continua&#8230;<\/h2>\n<h3 class=\"font-normal\">Producci\u00f3n y desarrollo tecnol\u00f3gico&#8230;<\/h3>\n<p>Nuestra empresa trabaja \u00fanicamente con m\u00e1quinas CNC en todas las fases de su producci\u00f3n, tiene la capacidad de producir con soporte CAD \/ CAM y rectificado de perfiles con precisi\u00f3n microm\u00e9trica, con los centros de mecanizado de 3-4-5 ejes y rectificadoras de 3-4-5 ejes l\u00edderes en el sector de los bancos de mecanizado.<\/p>\n<ul class=\"ul-style check primary-color\" style=\"font-size: 14px; margin-bottom: 20px;\">\n<li>La \u00faltima tecnolog\u00eda, la maquinaria avanzada<\/li>\n<li>Fuerte apoyo de ingenier\u00eda<\/li>\n<li>Experiencias de dise\u00f1o fuertes<\/li>\n<\/ul>\n<p>[\/vc_column_text][\/vc_column_inner][vc_column_inner width=\u00bb1\/2&#8243;]\t\t<div class=\"ts-single-image ts-effect-image ts-aligncenter eff-image-scale ts-single-image-2 banner-radius\">\n\t\t\t<div class=\"ts-shortcode-custom-style hidden\">.ts-single-image-2:hover .overlay{background-color:#ffffff}<\/div>\t\t\t<a title=\"MyMedi\" target=\"_blank\" class=\"image-link\" href=\"\" >\n\t\t\t\t<img width=\"604\" height=\"344\" src=\"https:\/\/www.cevizpres.com\/wp-content\/uploads\/2022\/01\/hakkimizda-1.jpg\" class=\"img\" alt=\"\" loading=\"lazy\" srcset=\"https:\/\/www.cevizpres.com\/wp-content\/uploads\/2022\/01\/hakkimizda-1.jpg 604w, https:\/\/www.cevizpres.com\/wp-content\/uploads\/2022\/01\/hakkimizda-1-300x171.jpg 300w, https:\/\/www.cevizpres.com\/wp-content\/uploads\/2022\/01\/hakkimizda-1-310x177.jpg 310w\" sizes=\"(max-width: 604px) 100vw, 604px\" title=\"\">\t\t\t\t<span class=\"overlay\"><\/span>\n\t\t\t<\/a>\n\t\t<\/div>\n\t\t[vc_empty_space height=\u00bb30px\u00bb][\/vc_column_inner][\/vc_row_inner][vc_row_inner][vc_column_inner offset=\u00bbvc_hidden-md vc_hidden-sm vc_hidden-xs\u00bb][vc_empty_space height=\u00bb30px\u00bb][\/vc_column_inner][\/vc_row_inner][vc_row_inner equal_height=\u00bbyes\u00bb content_placement=\u00bbmiddle\u00bb css=\u00bb.vc_custom_1604287328733{margin-bottom: 20px !important;}\u00bb][vc_column_inner width=\u00bb1\/2&#8243;]\t\t<div class=\"ts-single-image ts-effect-image ts-aligncenter eff-image-scale ts-single-image-3 banner-radius\">\n\t\t\t<div class=\"ts-shortcode-custom-style hidden\">.ts-single-image-3:hover .overlay{background-color:#ffffff}<\/div>\t\t\t<a title=\"MyMedi\" target=\"_blank\" class=\"image-link\" href=\"\" >\n\t\t\t\t<img width=\"1000\" height=\"667\" src=\"https:\/\/www.cevizpres.com\/wp-content\/uploads\/2022\/02\/uretim-2-6.jpg\" class=\"img\" alt=\"\" loading=\"lazy\" srcset=\"https:\/\/www.cevizpres.com\/wp-content\/uploads\/2022\/02\/uretim-2-6.jpg 1000w, https:\/\/www.cevizpres.com\/wp-content\/uploads\/2022\/02\/uretim-2-6-300x200.jpg 300w, https:\/\/www.cevizpres.com\/wp-content\/uploads\/2022\/02\/uretim-2-6-768x512.jpg 768w, https:\/\/www.cevizpres.com\/wp-content\/uploads\/2022\/02\/uretim-2-6-800x534.jpg 800w, https:\/\/www.cevizpres.com\/wp-content\/uploads\/2022\/02\/uretim-2-6-310x207.jpg 310w\" sizes=\"(max-width: 1000px) 100vw, 1000px\" title=\"\">\t\t\t\t<span class=\"overlay\"><\/span>\n\t\t\t<\/a>\n\t\t<\/div>\n\t\t[vc_empty_space height=\u00bb30px\u00bb][\/vc_column_inner][vc_column_inner width=\u00bb1\/2&#8243;][vc_column_text css=\u00bb.vc_custom_1770742092348{margin-bottom: 30px !important;}\u00bb]<\/p>\n<h2>Amplia gama de productos y soluciones en diferentes sectores&#8230;<\/h2>\n<h3 class=\"font-normal\"><strong>Filosof\u00eda que produce y utiliza la tecnolog\u00eda<\/strong><\/h3>\n<p>De acuerdo con las demandas de nuestros clientes, produce todo tipo de tornillos, pernos y conjuntos est\u00e1ndar y especiales utilizados en la producci\u00f3n de clavos, as\u00ed como piezas de m\u00e1quinas especiales, piezas para el sector sanitario y el sector. Como familia de CEVIZ PRES, nos gustar\u00eda agradecerles su atenci\u00f3n y apoyo, y nos sentimos orgullosos de servirles en el futuro tanto como hoy.<\/p>\n<ul class=\"ul-style check primary-color\" style=\"font-size: 14px; margin-bottom: 20px;\">\n<li>Soluciones para diferentes sectores<\/li>\n<li>Amplia gama de productos<\/li>\n<li>Producci\u00f3n especial<\/li>\n<\/ul>\n<p>[\/vc_column_text][\/vc_column_inner][\/vc_row_inner][vc_row_inner][vc_column_inner offset=\u00bbvc_hidden-md vc_hidden-sm vc_hidden-xs\u00bb][vc_empty_space height=\u00bb30px\u00bb][\/vc_column_inner][\/vc_row_inner][\/vc_column][\/vc_row][vc_row full_width=\u00bbstretch_row\u00bb content_placement=\u00bbmiddle\u00bb css=\u00bb.vc_custom_1642006470657{border-top-width: 1px !important;padding-top: 50px !important;padding-bottom: 50px !important;border-top-color: #f0f2f5 !important;border-top-style: solid !important;}\u00bb el_class=\u00bbts-ipad-aligncenter\u00bb][vc_column offset=\u00bbvc_col-lg-6 vc_col-md-6&#8243;]\t\t<div class=\"ts-single-image ts-effect-image ts-aligncenter eff-image-scale ts-single-image-4 banner-radius\">\n\t\t\t<div class=\"ts-shortcode-custom-style hidden\">.ts-single-image-4:hover .overlay{background-color:#ffffff}<\/div>\t\t\t<a title=\"\" target=\"_blank\" class=\"image-link\" href=\"\" >\n\t\t\t\t<img width=\"620\" height=\"349\" src=\"https:\/\/www.cevizpres.com\/wp-content\/uploads\/2022\/01\/misyon.png\" class=\"img\" alt=\"\" loading=\"lazy\" srcset=\"https:\/\/www.cevizpres.com\/wp-content\/uploads\/2022\/01\/misyon.png 620w, https:\/\/www.cevizpres.com\/wp-content\/uploads\/2022\/01\/misyon-300x169.png 300w, https:\/\/www.cevizpres.com\/wp-content\/uploads\/2022\/01\/misyon-310x175.png 310w\" sizes=\"(max-width: 620px) 100vw, 620px\" title=\"\">\t\t\t\t<span class=\"overlay\"><\/span>\n\t\t\t<\/a>\n\t\t<\/div>\n\t\t[vc_empty_space height=\u00bb30px\u00bb][vc_column_text css=\u00bb.vc_custom_1646188987018{margin-bottom: 30px !important;}\u00bb]<\/p>\n<h2 style=\"text-align: center;\">Nuestra visi\u00f3n<\/h2>\n<p>Valores que acompa\u00f1an a la producci\u00f3n. Esta visi\u00f3n nos ha ayudado a aprovechar nuestros puntos fuertes y a sacar el m\u00e1ximo partido a nuestro car\u00e1cter \u00fanico. En un mundo competitivo y en r\u00e1pida evoluci\u00f3n, el valor de los productos, los servicios y las empresas cambia constantemente. Hoy en d\u00eda, el verdadero valor para el cliente s\u00f3lo puede crearse desarrollando constantemente nuevas soluciones y haciendo que lo que ya hacemos sea a\u00fan mejor. La fuerza de Ceviz Pres proviene de su creencia en la innovaci\u00f3n continua y la superaci\u00f3n.[\/vc_column_text][\/vc_column][vc_column offset=\u00bbvc_col-lg-6 vc_col-md-6&#8243;]\t\t<div class=\"ts-single-image ts-effect-image ts-aligncenter eff-image-scale ts-single-image-5 banner-radius\">\n\t\t\t<div class=\"ts-shortcode-custom-style hidden\">.ts-single-image-5:hover .overlay{background-color:#ffffff}<\/div>\t\t\t<a title=\"MyMedi\" target=\"_blank\" class=\"image-link\" href=\"\" >\n\t\t\t\t<img width=\"620\" height=\"349\" src=\"https:\/\/www.cevizpres.com\/wp-content\/uploads\/2022\/01\/69002.jpg\" class=\"img\" alt=\"\" loading=\"lazy\" srcset=\"https:\/\/www.cevizpres.com\/wp-content\/uploads\/2022\/01\/69002.jpg 620w, https:\/\/www.cevizpres.com\/wp-content\/uploads\/2022\/01\/69002-300x169.jpg 300w, https:\/\/www.cevizpres.com\/wp-content\/uploads\/2022\/01\/69002-310x175.jpg 310w\" sizes=\"(max-width: 620px) 100vw, 620px\" title=\"\">\t\t\t\t<span class=\"overlay\"><\/span>\n\t\t\t<\/a>\n\t\t<\/div>\n\t\t[vc_empty_space height=\u00bb30px\u00bb][vc_column_text css=\u00bb.vc_custom_1646189015395{margin-bottom: 30px !important;}\u00bb]<\/p>\n<h2 style=\"text-align: center;\">Nuestra misi\u00f3n<\/h2>\n<p>Nuestra misi\u00f3n es ser la empresa l\u00edder en todos los sectores en los que participamos, asegurando la continuidad de nuestro poder competitivo. Seguir de cerca los avances tecnol\u00f3gicos. Trabajar respetando las normas nacionales e internacionales y la legislaci\u00f3n. Controlar constantemente las demandas y expectativas de nuestros clientes y mercados. Asegurar la participaci\u00f3n de todo nuestro personal de acuerdo con nuestro sistema de gesti\u00f3n de la calidad. Nuestra misi\u00f3n es contribuir positivamente a nuestro pa\u00eds con el objetivo de mejorar y desarrollar continuamente.[\/vc_column_text][\/vc_column][\/vc_row][vc_row full_width=\u00bbstretch_row\u00bb content_placement=\u00bbmiddle\u00bb css=\u00bb.vc_custom_1642006470657{border-top-width: 1px !important;padding-top: 50px !important;padding-bottom: 50px !important;border-top-color: #f0f2f5 !important;border-top-style: solid !important;}\u00bb el_class=\u00bbts-ipad-aligncenter\u00bb][vc_column offset=\u00bbvc_col-lg-6 vc_col-md-6&#8243;][vc_column_text css=\u00bb.vc_custom_1646189053551{margin-bottom: 0px !important;}\u00bb]<\/p>\n<h2 class=\"h1-big\" style=\"margin-bottom: 20px;\">Pel\u00edcula promocional Walnut Press&#8230;<\/h2>\n<p>[\/vc_column_text][vc_row_inner][vc_column_inner offset=\u00bbvc_hidden-lg vc_hidden-md\u00bb][vc_empty_space height=\u00bb40px\u00bb][\/vc_column_inner][\/vc_row_inner][\/vc_column][vc_column offset=\u00bbvc_col-lg-6 vc_col-md-6&#8243;][vc_row_inner][vc_column_inner offset=\u00bbvc_hidden-md vc_hidden-sm vc_hidden-xs\u00bb][vc_empty_space height=\u00bb30px\u00bb][\/vc_column_inner][\/vc_row_inner]\t\t<div class=\"ts-video-2 \">\n\t\t\t<a href=\"#\">\n\t\t\t\t\t\t\t<\/a>\n\t\t\t<div class=\"ts-popup-modal ts-video-modal\">\n\t\t\t\t<div class=\"overlay\"><\/div>\n\t\t\t\t<div class=\"video-container popup-container\">\n\t\t\t\t\t<span class=\"close\">Close <\/span>\n\t\t\t\t\t<div class=\"video-content\">\n\t\t\t\t\t\t\t<div class=\"ts-video auto-size\" style=\"width:800px; height:450px;\">\n\t\t\t<iframe width=\"800\" height=\"450\" src=\"#\" allowfullscreen><\/iframe>\n\t\t<\/div>\n\t\t\t\t\t\t<\/div>\n\t\t\t\t<\/div>\n\t\t\t<\/div>\n\t\t<\/div>\n\t\t[vc_row_inner][vc_column_inner offset=\u00bbvc_hidden-md vc_hidden-sm vc_hidden-xs\u00bb][vc_empty_space height=\u00bb30px\u00bb][\/vc_column_inner][\/vc_row_inner][\/vc_column][\/vc_row][vc_row][vc_column offset=\u00bbvc_hidden-md vc_hidden-sm vc_hidden-xs\u00bb][vc_empty_space height=\u00bb30px\u00bb][\/vc_column][\/vc_row]<\/p>\n","protected":false},"excerpt":{"rendered":"<p>[vc_row css=\u00bb.vc_custom_1604285148356{border-bottom-width: 1px !important;border-bottom-color: #f0f2f5 !important;}\u00bb][vc_column][vc_custom_heading text=\u00bbCEVI\u0307Z PRESS INC. Fundada en 1982&#8243; font_container=\u00bbtag:h2|text_align:center\u00bb use_theme_fonts=\u00bbyes\u00bb el_class=\u00bbh1-big\u00bb css=\u00bb.vc_custom_1646188663815{margin-bottom: 30px !important;}\u00bb][vc_row_inner][vc_column_inner offset=\u00bbvc_hidden-md vc_hidden-sm vc_hidden-xs\u00bb][vc_empty_space height=\u00bb20px\u00bb][\/vc_column_inner][\/vc_row_inner][vc_row_inner equal_height=\u00bbyes\u00bb content_placement=\u00bbmiddle\u00bb css=\u00bb.vc_custom_1604287313828{margin-bottom: 20px !important;}\u00bb][vc_column_inner width=\u00bb1\/2&#8243;][vc_empty_space height=\u00bb30px\u00bb][\/vc_column_inner][vc_column_inner width=\u00bb1\/2&#8243;][vc_column_text css=\u00bb.vc_custom_1646188760788{margin-bottom: 30px !important;}\u00bb] Al servicio de la industria de la fijaci\u00f3n desde hace m\u00e1s de 39 a\u00f1os. S\u00f3lida infraestructura t\u00e9cnica Nuestra empresa, que siempre ha [&hellip;]<\/p>\n","protected":false},"author":1,"featured_media":0,"parent":0,"menu_order":0,"comment_status":"closed","ping_status":"closed","template":"","meta":[],"_links":{"self":[{"href":"https:\/\/www.cevizpres.com\/es\/wp-json\/wp\/v2\/pages\/19904"}],"collection":[{"href":"https:\/\/www.cevizpres.com\/es\/wp-json\/wp\/v2\/pages"}],"about":[{"href":"https:\/\/www.cevizpres.com\/es\/wp-json\/wp\/v2\/types\/page"}],"author":[{"embeddable":true,"href":"https:\/\/www.cevizpres.com\/es\/wp-json\/wp\/v2\/users\/1"}],"replies":[{"embeddable":true,"href":"https:\/\/www.cevizpres.com\/es\/wp-json\/wp\/v2\/comments?post=19904"}],"version-history":[{"count":4,"href":"https:\/\/www.cevizpres.com\/es\/wp-json\/wp\/v2\/pages\/19904\/revisions"}],"predecessor-version":[{"id":20216,"href":"https:\/\/www.cevizpres.com\/es\/wp-json\/wp\/v2\/pages\/19904\/revisions\/20216"}],"wp:attachment":[{"href":"https:\/\/www.cevizpres.com\/es\/wp-json\/wp\/v2\/media?parent=19904"}],"curies":[{"name":"wp","href":"https:\/\/api.w.org\/{rel}","templated":true}]}}