{"id":19807,"date":"2015-02-03T14:49:09","date_gmt":"2015-02-03T11:49:09","guid":{"rendered":"https:\/\/www.cevizpres.com\/?page_id=19807"},"modified":"2022-08-13T03:20:08","modified_gmt":"2022-08-13T00:20:08","slug":"contact","status":"publish","type":"page","link":"https:\/\/www.cevizpres.com\/en\/contact\/","title":{"rendered":"Contact"},"content":{"rendered":"<p>[vc_row css=&#8221;.vc_custom_1597046980214{margin-bottom: 50px !important;}&#8221;][vc_column offset=&#8221;vc_col-lg-4 vc_col-md-4&#8243;][vc_custom_heading text=&#8221;Contact Info&#8221; use_theme_fonts=&#8221;yes&#8221; el_class=&#8221;h1-big&#8221;][vc_column_text css=&#8221;.vc_custom_1646015126257{margin-bottom: 25px !important;}&#8221;]You can call us for your questions and comments or you can get feedback about our product you are interested in using the contact form.[\/vc_column_text][vc_row_inner][vc_column_inner offset=&#8221;vc_hidden-md vc_hidden-sm vc_hidden-xs&#8221;][vc_empty_space height=&#8221;15px&#8221;][\/vc_column_inner][\/vc_row_inner][vc_separator color=&#8221;custom&#8221; align=&#8221;align_left&#8221; el_width=&#8221;90&#8243; accent_color=&#8221;#e7eaf1&#8243;][vc_empty_space height=&#8221;15px&#8221;][vc_row_inner el_class=&#8221;mobile-portrait-1-columns&#8221;][vc_column_inner offset=&#8221;vc_col-xs-4&#8243;][vc_column_text css=&#8221;.vc_custom_1646015141925{margin-bottom: 15px !important;}&#8221;]Orta Mh. \u0130brahima\u011fa Cd. Emintas 2 San. Sit. No:20 Bayrampa\u015fa-\u0130stanbul\/Turkey[\/vc_column_text][\/vc_column_inner][\/vc_row_inner][vc_empty_space height=&#8221;15px&#8221;][vc_column_text css=&#8221;.vc_custom_1647256008120{margin-bottom: 0px !important;}&#8221;]<\/p>\n<h4 style=\"margin-bottom: 5px; line-height: 36px;\"><img loading=\"lazy\" class=\"size-full wp-image-17376 alignnone\" src=\"https:\/\/www.cevizpres.com\/wp-content\/uploads\/2020\/10\/phone-icon-2.png\" alt=\"phone-icon\" width=\"20\" height=\"20\" title=\"\">+90 212 578 13 51<\/h4>\n<h4 style=\"margin-bottom: 5px; line-height: 36px;\"><img loading=\"lazy\" class=\"size-full wp-image-17376 alignnone\" src=\"https:\/\/www.cevizpres.com\/wp-content\/uploads\/2020\/10\/phone-icon-2.png\" alt=\"phone-icon\" width=\"20\" height=\"20\" title=\"\">+90 212 417 32 61<\/h4>\n<h4 style=\"margin-bottom: 5px; line-height: 36px;\"><img loading=\"lazy\" class=\"size-full wp-image-17376 alignnone\" src=\"https:\/\/www.cevizpres.com\/wp-content\/uploads\/2020\/10\/phone-icon-2.png\" alt=\"phone-icon\" width=\"20\" height=\"20\" title=\"\">+90 212 417 32 62<\/h4>\n<p style=\"margin-bottom: 18px; padding-left: 40px;\"><span style=\"color: #000000;\"><small>Mon &#8211; Sat: 09:00-18:00<\/small><\/span><br \/>\n<span style=\"color: #000000;\"><small>Sunday: CLOSED<\/small><\/span><\/p>\n<hr style=\"max-width: 86%; height: 1px; border-width: 0; color: #143e96; background-color: #143e96; margin-bottom: 18px;\" \/>\n<p><span style=\"color: #000000;\"><a style=\"color: #000000;\" href=\"mailto:cevizpres@cevizpres.com\"><strong style=\"font-weight: 600;\"><img loading=\"lazy\" class=\"size-full wp-image-17405 alignnone\" style=\"margin-top: 4px;\" src=\"https:\/\/www.cevizpres.com\/wp-content\/uploads\/2020\/12\/mail-light-2.png\" alt=\"\" width=\"16\" height=\"17\" title=\"\">export@cevizpres.com<\/strong><\/a><\/span>[\/vc_column_text][vc_row_inner][vc_column_inner offset=&#8221;vc_hidden-md vc_hidden-sm vc_hidden-xs&#8221;][\/vc_column_inner][\/vc_row_inner][vc_separator color=&#8221;custom&#8221; align=&#8221;align_left&#8221; el_width=&#8221;90&#8243; accent_color=&#8221;#e7eaf1&#8243;][vc_row_inner][vc_column_inner offset=&#8221;vc_hidden-md vc_hidden-sm vc_hidden-xs&#8221;][vc_empty_space height=&#8221;15px&#8221;][\/vc_column_inner][\/vc_row_inner][vc_empty_space height=&#8221;25px&#8221;]<section class=\"widget-container  ts-social-icons\"><h3 class=\"widget-title heading-title hidden\">Social Icons<\/h3>\t\t\t\n\t\t\t<div class=\"social-icons show-tooltip columns-5\">\n\t\t\t\t<ul class=\"list-icons\">\n\t\t\t\t\t\t\t\t\t\t\t<li class=\"facebook\"><a href=\"#\" target=\"_blank\" title=\"\" ><i class=\"fab fa-facebook-f\"><\/i><span class=\"ts-tooltip social-tooltip\">Facebook<\/span><\/a><\/li>\t\t\t\t\n\t\t\t\t\t\t\t\t\t\t\t\t\t\t\t\t<li class=\"instagram\"><a href=\"#\" target=\"_blank\" title=\"\" ><i class=\"fab fa-instagram\"><\/i><span class=\"ts-tooltip social-tooltip\">Instagram<\/span><\/a><\/li>\n\t\t\t\t\t\t\t\t\t\t\t\t\t\t\t\t<li class=\"youtube\"><a href=\"#\" target=\"_blank\" title=\"\" ><i class=\"fab fa-youtube\"><\/i><span class=\"ts-tooltip social-tooltip\">Youtube<\/span><\/a><\/li>\n\t\t\t\t\t\t\t\t\t\t\t\t\t\t\t\t<li class=\"pinterest\"><a href=\"#\" target=\"_blank\" title=\"\" ><i class=\"fab fa-pinterest-p\"><\/i><span class=\"ts-tooltip social-tooltip\">Pinterest<\/span><\/a><\/li>\n\t\t\t\t\t\t\t\t\t\t\t\t\t\t\t\t<li class=\"linkedin\"><a href=\"#\" target=\"_blank\" title=\"\" ><i class=\"fab fa-linkedin-in\"><\/i><span class=\"ts-tooltip social-tooltip\">LinkedIn<\/span><\/a><\/li>\n\t\t\t\t\t\t\t\t\t\t\t\t\t\t\t\t\t\t\t\t\t\t\t\t\t\n\t\t\t\t\t\t\t\t\t\t\t\t\t\t\t\t\t\t\t<\/ul>\n\t\t\t<\/div>\n\n\t\t\t<\/section>[\/vc_column][vc_column offset=&#8221;vc_col-lg-8 vc_col-md-8&#8243;][vc_column_text]<iframe loading=\"lazy\" style=\"border: 0;\" src=\"https:\/\/www.google.com\/maps\/embed?pb=!1m14!1m8!1m3!1d12039.338843292422!2d28.918982!3d41.028872!3m2!1i1024!2i768!4f13.1!3m3!1m2!1s0x0%3A0xce051eeed4c42f4d!2zQ2V2aXogUHJlcyBEw7Zrw7xtIEEuxZ4!5e0!3m2!1str!2str!4v1660349908962!5m2!1str!2str\" width=\"816\" height=\"604\" allowfullscreen=\"allowfullscreen\"><\/iframe>[\/vc_column_text][\/vc_column][\/vc_row][vc_row][vc_column offset=&#8221;vc_hidden-md vc_hidden-sm vc_hidden-xs&#8221;][vc_empty_space height=&#8221;30px&#8221;][\/vc_column][\/vc_row][vc_row css=&#8221;.vc_custom_1597047084558{margin-bottom: 50px !important;}&#8221;][vc_column][vc_custom_heading text=&#8221;Size daha do\u011fru bir geri d\u00f6n\u00fc\u015f sa\u011flayabilmemiz i\u00e7in l\u00fctfen ileti\u015fim formunu eksiksiz doldurunuz.&#8221; font_container=&#8221;tag:h2|text_align:center&#8221; use_theme_fonts=&#8221;yes&#8221; css=&#8221;.vc_custom_1642015193702{margin-bottom: 30px !important;}&#8221;]<div role=\"form\" class=\"wpcf7\" id=\"wpcf7-f17-o1\" lang=\"en-US\" dir=\"ltr\">\n<div class=\"screen-reader-response\"><p role=\"status\" aria-live=\"polite\" aria-atomic=\"true\"><\/p> <ul><\/ul><\/div>\n<form action=\"\/en\/wp-json\/wp\/v2\/pages\/19807#wpcf7-f17-o1\" method=\"post\" class=\"wpcf7-form init\" novalidate=\"novalidate\" data-status=\"init\">\n<div style=\"display: none;\">\n<input type=\"hidden\" name=\"_wpcf7\" value=\"17\" \/>\n<input type=\"hidden\" name=\"_wpcf7_version\" value=\"5.5.6\" \/>\n<input type=\"hidden\" name=\"_wpcf7_locale\" value=\"en_US\" \/>\n<input type=\"hidden\" name=\"_wpcf7_unit_tag\" value=\"wpcf7-f17-o1\" \/>\n<input type=\"hidden\" name=\"_wpcf7_container_post\" value=\"0\" \/>\n<input type=\"hidden\" name=\"_wpcf7_posted_data_hash\" value=\"\" \/>\n<input type=\"hidden\" name=\"_wpcf7_recaptcha_response\" value=\"\" \/>\n<\/div>\n<div class=\"contact-form\">\n<div class=\"info-wrapper\">\n<p><span class=\"wpcf7-form-control-wrap text-8\"><input type=\"text\" name=\"text-8\" value=\"\" size=\"40\" class=\"wpcf7-form-control wpcf7-text wpcf7-validates-as-required\" aria-required=\"true\" aria-invalid=\"false\" placeholder=\"\u0130sim\" \/><\/span><\/p>\n<p><span class=\"wpcf7-form-control-wrap email-294\"><input type=\"email\" name=\"email-294\" value=\"\" size=\"40\" class=\"wpcf7-form-control wpcf7-text wpcf7-email wpcf7-validates-as-required wpcf7-validates-as-email\" aria-required=\"true\" aria-invalid=\"false\" placeholder=\"E-mail\" \/><\/span><\/p>\n<p><span class=\"wpcf7-form-control-wrap tel\"><input type=\"text\" name=\"tel\" value=\"\" size=\"40\" class=\"wpcf7-form-control wpcf7-text wpcf7-validates-as-required\" aria-required=\"true\" aria-invalid=\"false\" placeholder=\"Telefon\" \/><\/span><\/p>\n<\/div>\n<p><span class=\"wpcf7-form-control-wrap textarea-929\"><textarea name=\"textarea-929\" cols=\"40\" rows=\"10\" class=\"wpcf7-form-control wpcf7-textarea wpcf7-validates-as-required\" aria-required=\"true\" aria-invalid=\"false\" placeholder=\"Mesaj\"><\/textarea><\/span><\/p>\n<p class=\"clearfix\"><input type=\"submit\" value=\"G\u00f6nder\" class=\"wpcf7-form-control has-spinner wpcf7-submit button-primary\" \/>\n<\/div>\n<div class=\"wpcf7-response-output\" aria-hidden=\"true\"><\/div><\/form><\/div>[\/vc_column][\/vc_row][vc_row][vc_column offset=&#8221;vc_hidden-md vc_hidden-sm vc_hidden-xs&#8221;][vc_empty_space height=&#8221;30px&#8221;][\/vc_column][\/vc_row]<\/p>\n","protected":false},"excerpt":{"rendered":"<p>[vc_row css=&#8221;.vc_custom_1597046980214{margin-bottom: 50px !important;}&#8221;][vc_column offset=&#8221;vc_col-lg-4 vc_col-md-4&#8243;][vc_custom_heading text=&#8221;Contact Info&#8221; use_theme_fonts=&#8221;yes&#8221; el_class=&#8221;h1-big&#8221;][vc_column_text css=&#8221;.vc_custom_1646015126257{margin-bottom: 25px !important;}&#8221;]You can call us for your questions and comments or you can get feedback about our product you are interested in using the contact form.[\/vc_column_text][vc_row_inner][vc_column_inner offset=&#8221;vc_hidden-md vc_hidden-sm vc_hidden-xs&#8221;][vc_empty_space height=&#8221;15px&#8221;][\/vc_column_inner][\/vc_row_inner][vc_separator color=&#8221;custom&#8221; align=&#8221;align_left&#8221; el_width=&#8221;90&#8243; accent_color=&#8221;#e7eaf1&#8243;][vc_empty_space height=&#8221;15px&#8221;][vc_row_inner el_class=&#8221;mobile-portrait-1-columns&#8221;][vc_column_inner offset=&#8221;vc_col-xs-4&#8243;][vc_column_text css=&#8221;.vc_custom_1646015141925{margin-bottom: 15px !important;}&#8221;]Orta Mh. \u0130brahima\u011fa Cd. Emintas [&hellip;]<\/p>\n","protected":false},"author":1,"featured_media":0,"parent":0,"menu_order":0,"comment_status":"closed","ping_status":"closed","template":"","meta":[],"_links":{"self":[{"href":"https:\/\/www.cevizpres.com\/en\/wp-json\/wp\/v2\/pages\/19807"}],"collection":[{"href":"https:\/\/www.cevizpres.com\/en\/wp-json\/wp\/v2\/pages"}],"about":[{"href":"https:\/\/www.cevizpres.com\/en\/wp-json\/wp\/v2\/types\/page"}],"author":[{"embeddable":true,"href":"https:\/\/www.cevizpres.com\/en\/wp-json\/wp\/v2\/users\/1"}],"replies":[{"embeddable":true,"href":"https:\/\/www.cevizpres.com\/en\/wp-json\/wp\/v2\/comments?post=19807"}],"version-history":[{"count":6,"href":"https:\/\/www.cevizpres.com\/en\/wp-json\/wp\/v2\/pages\/19807\/revisions"}],"predecessor-version":[{"id":20169,"href":"https:\/\/www.cevizpres.com\/en\/wp-json\/wp\/v2\/pages\/19807\/revisions\/20169"}],"wp:attachment":[{"href":"https:\/\/www.cevizpres.com\/en\/wp-json\/wp\/v2\/media?parent=19807"}],"curies":[{"name":"wp","href":"https:\/\/api.w.org\/{rel}","templated":true}]}}